{"id":10,"date":"2014-05-23T15:37:32","date_gmt":"2014-05-23T12:37:32","guid":{"rendered":"http:\/\/localhost\/vavesaari\/?page_id=10"},"modified":"2014-10-02T14:43:56","modified_gmt":"2014-10-02T11:43:56","slug":"huvilat","status":"publish","type":"page","link":"https:\/\/www.vavesaarentila.fi\/de\/huvilat\/","title":{"rendered":"H\u00e4uschen"},"content":{"rendered":"<p><\/p>\n<p><\/p>\n<h2>Entspannen Sie sich f\u00fcr einen Augenblick in der Ruhe der Natur.<\/h2>\n<p>Fahren Sie zum Ferienhaus in Kangasniemi! Kommen Sie aufs Land, zur Sch\u00f6nheit der Natur, in Finnlands sch\u00f6nste Gemeinde. Am Seeufer entspannt sich die Seele und die Psyche erholt sich. Hier erwarten Sie gem\u00fctliche und saubere Ferienh\u00e4uschen. Die \u201eVavesaaren huvilat\u201c [Vavesaari-Ferienh\u00e4uschen] befinden sich im Dorf Ohensalo am Ufer des Puulavesi-Sees.<\/p>\n<\/p>\n<p><\/p>","protected":false},"excerpt":{"rendered":"<p>Entspannen Sie sich f\u00fcr einen Augenblick in der Ruhe der Natur. Fahren Sie zum Ferienhaus in Kangasniemi! Kommen Sie aufs Land, zur Sch\u00f6nheit der Natur,&#8230;<\/p>\n","protected":false},"author":1,"featured_media":0,"parent":0,"menu_order":0,"comment_status":"open","ping_status":"open","template":"huvilat-tpl.php","meta":{"_acf_changed":false,"footnotes":""},"class_list":["post-10","page","type-page","status-publish","hentry"],"acf":[],"_links":{"self":[{"href":"https:\/\/www.vavesaarentila.fi\/de\/wp-json\/wp\/v2\/pages\/10","targetHints":{"allow":["GET"]}}],"collection":[{"href":"https:\/\/www.vavesaarentila.fi\/de\/wp-json\/wp\/v2\/pages"}],"about":[{"href":"https:\/\/www.vavesaarentila.fi\/de\/wp-json\/wp\/v2\/types\/page"}],"author":[{"embeddable":true,"href":"https:\/\/www.vavesaarentila.fi\/de\/wp-json\/wp\/v2\/users\/1"}],"replies":[{"embeddable":true,"href":"https:\/\/www.vavesaarentila.fi\/de\/wp-json\/wp\/v2\/comments?post=10"}],"version-history":[{"count":1,"href":"https:\/\/www.vavesaarentila.fi\/de\/wp-json\/wp\/v2\/pages\/10\/revisions"}],"predecessor-version":[{"id":199,"href":"https:\/\/www.vavesaarentila.fi\/de\/wp-json\/wp\/v2\/pages\/10\/revisions\/199"}],"wp:attachment":[{"href":"https:\/\/www.vavesaarentila.fi\/de\/wp-json\/wp\/v2\/media?parent=10"}],"curies":[{"name":"wp","href":"https:\/\/api.w.org\/{rel}","templated":true}]}}