{"id":14,"date":"2014-05-23T15:37:46","date_gmt":"2014-05-23T12:37:46","guid":{"rendered":"http:\/\/localhost\/vavesaari\/?page_id=14"},"modified":"2026-01-23T20:31:08","modified_gmt":"2026-01-23T18:31:08","slug":"hinnasto","status":"publish","type":"page","link":"https:\/\/www.vavesaarentila.fi\/de\/hinnasto\/","title":{"rendered":"Preise"},"content":{"rendered":"<p><\/p>\n<h1><strong>Hof Vavesaari \u2013 Preise 2026<\/strong><\/h1>\n<p>Die Preise sind incl. 13,5% MwSt.<\/p>\n<p>Haustiere 50 \u20ac \/ Reservierung (M\u00e4ntyrinne und Salmensuu).<\/p>\n<h2><strong>Preisperioden<\/strong><\/h2>\n<table style=\"width: 100%;\" border=\"0\" cellspacing=\"0\" cellpadding=\"0\">\n<tbody>\n<tr>\n<td class=\"table-left\" bgcolor=\"#ba9973\">Preisperiode A:<\/td>\n<td>\u00a0Kalenderwochen 25-32<\/td>\n<\/tr>\n<tr>\n<td bgcolor=\"#bdb0a1\">Preisperiode B:<\/td>\n<td>\u00a0Kalenderwochen 23-24, 33-35, 52-1<\/td>\n<\/tr>\n<tr>\n<td bgcolor=\"#f0eeeb\">Preisperiode C:<\/td>\n<td>\u00a0Kalenderwochen 2-22, 36-51<\/td>\n<\/tr>\n<\/tbody>\n<\/table>\n<p>&nbsp;<\/p>\n<table class=\"huvilat-table\" style=\"width: 100%;\" border=\"0\" cellspacing=\"0\" cellpadding=\"0\">\n<tbody>\n<tr>\n<td class=\"table-left\" style=\"text-align: left;\" align=\"center\">\n<h2><strong>H\u00e4uschen<\/strong><\/h2>\n<\/td>\n<td class=\"rw-hide\" align=\"center\" bgcolor=\"#FDF2E3\">max<br \/>\nPers.<\/td>\n<td class=\"rw-hide\" align=\"center\" bgcolor=\"#ba9973\">A-Woche<\/td>\n<td class=\"rw-hide\" align=\"center\" bgcolor=\"#bdb0a1\">B-Woche<\/td>\n<td class=\"rw-hide\" align=\"center\" bgcolor=\"#f0eeeb\">C-Woche<\/td>\n<td class=\"rw-hide\" align=\"center\" bgcolor=\"#FFFF99\"><\/td>\n<td class=\"rw-hide\" style=\"text-align: center;\" bgcolor=\"#FDF2E3\">Wochenende<\/td>\n<td class=\"rw-hide\" style=\"text-align: center;\">Abschlussreinigung<\/td>\n<\/tr>\n<tr>\n<td class=\"td-title\"><a title=\"M\u00e4ntyrinne\" href=\"http:\/\/haajashare.com\/clients\/vavesaari\/vuokrahuvila\/mantyrinne\/\">M\u00c4NTYRINNE<\/a><\/td>\n<td align=\"center\" bgcolor=\"#FDF2E3\">6<\/td>\n<td align=\"center\" bgcolor=\"#ba9973\">1203 \u20ac<\/td>\n<td align=\"center\" bgcolor=\"#bdb0a1\">1110 \u20ac<\/td>\n<td align=\"center\" bgcolor=\"#f0eeeb\">948 \u20ac<\/td>\n<td align=\"center\" bgcolor=\"#FFFF99\"><\/td>\n<td align=\"center\" bgcolor=\"#FDF2E3\">von 405 \u20ac<\/td>\n<td align=\"center\">110 \u20ac<\/td>\n<\/tr>\n<tr>\n<td class=\"td-title\"><a href=\"http:\/\/haajashare.com\/clients\/vavesaari\/vuokrahuvila\/eemilin-huvila\/\">FERIENHAUS EEMILI<\/a><\/td>\n<td align=\"center\" bgcolor=\"#FDF2E3\">8<\/td>\n<td align=\"center\" bgcolor=\"#ba9973\">1638 \u20ac<\/td>\n<td align=\"center\" bgcolor=\"#bdb0a1\">1504\u20ac<\/td>\n<td align=\"center\" bgcolor=\"#f0eeeb\">1253 \u20ac<\/td>\n<td align=\"center\" bgcolor=\"#FFFF99\"><\/td>\n<td align=\"center\" bgcolor=\"#FDF2E3\">von 535 \u20ac<\/td>\n<td align=\"center\">160 \u20ac<\/td>\n<\/tr>\n<tr>\n<td class=\"td-title\"><a title=\"Salmensuu\" href=\"http:\/\/haajashare.com\/clients\/vavesaari\/vuokrahuvila\/salmensuu\/\">SALMENSUU<\/a><\/td>\n<td align=\"center\" bgcolor=\"#FDF2E3\">8<\/td>\n<td align=\"center\" bgcolor=\"#ba9973\">1319 \u20ac<\/td>\n<td align=\"center\" bgcolor=\"#bdb0a1\">1222\u20ac<\/td>\n<td align=\"center\" bgcolor=\"#f0eeeb\">1041 \u20ac<\/td>\n<td align=\"center\" bgcolor=\"#FFFF99\"><\/td>\n<td align=\"center\" bgcolor=\"#FDF2E3\">von 445 \u20ac<\/td>\n<td align=\"center\">110 \u20ac<\/td>\n<\/tr>\n<tr>\n<td class=\"td-title\"><\/td>\n<td align=\"center\" bgcolor=\"#FDF2E3\"><\/td>\n<td align=\"center\" bgcolor=\"#ba9973\"><\/td>\n<td align=\"center\" bgcolor=\"#bdb0a1\"><\/td>\n<td align=\"center\" bgcolor=\"#f0eeeb\"><\/td>\n<td align=\"center\" bgcolor=\"#FFFF99\"><\/td>\n<td align=\"center\" bgcolor=\"#FDF2E3\"><\/td>\n<td align=\"center\"><\/td>\n<\/tr>\n<\/tbody>\n<\/table>\n<h2><strong>Zusatzservice<\/strong><\/h2>\n<table width=\"100%\">\n<tbody>\n<tr>\n<td>Bettw\u00e4sche + Handt\u00fccher<\/td>\n<td>16 \u20ac<\/td>\n<\/tr>\n<tr>\n<td>Bett beziehen<\/td>\n<td>5 \u20ac<\/td>\n<\/tr>\n<tr>\n<td>Boot + Au\u00dfenbordmotor<\/td>\n<td>35 \u20ac\/ Tag, 200 \u20ac\/Woche , ist mit kraftstoff 5 l<\/td>\n<\/tr>\n<tr>\n<td>Au\u00dfenbordmotor<\/td>\n<td>20 \u20ac\/\u00a0Tag, 120 \u20ac\/Woche, ist mit kraftstoff 5 l<\/td>\n<\/tr>\n<tr>\n<td>Kanu<\/td>\n<td>10 \u20ac\/\u00a0Tag<\/td>\n<\/tr>\n<tr>\n<td>Schneeschuhe<\/td>\n<td>10 \u20ac\/\u00a0Person<\/td>\n<\/tr>\n<tr>\n<td>Gehst\u00f6cke<\/td>\n<td>5 \u20ac \/\u00a0Person<\/td>\n<\/tr>\n<\/tbody>\n<\/table>\n<h2><strong>Buchung<\/strong><\/h2>\n<ul>\n<li>Nach Zahlung der Buchungsgeb\u00fchr ist das H\u00e4uschen f\u00fcr Sie reserviert.<\/li>\n<li>Nehmen Sie mit uns Kontakt auf und wir kl\u00e4ren, ob das gew\u00fcnschte H\u00e4uschen am geplanten Zeitpunkt frei ist.<\/li>\n<li>Wir schicken Ihren eine Auftragsbest\u00e4tigung und eine Buchungsrechnung per Post.<\/li>\n<\/ul>\n<h2><strong>Die Vertragsbedingungen in K\u00fcrze:<\/strong><\/h2>\n<ul>\n<li>Wenn der Kunde die Buchung sp\u00e4testens 1 Monat vor Urlaubsantritt storniert, wird die Buchungsgeb\u00fchr zur\u00fcckerstattet.<\/li>\n<li>Ihre Buchung tritt nach Zahlung der Buchungsgeb\u00fchr (35\u00a0% des Gesamtpreises) in Kraft.<\/li>\n<li>Die Endsumme (65\u00a0%) ist sp\u00e4testens 1 Monat vor dem Urlaubsantritt zu bezahlen.<\/li>\n<li>Wenn die Buchung sp\u00e4ter als 1 Monat vor dem Urlaubsantritt erfolgt, ist der Gesamtpreis auf einmal zu bezahlen.<\/li>\n<\/ul>\n<h2><strong>Vollst\u00e4ndige Vertragsbedingungen<\/strong><\/h2>\n<p><a href=\"http:\/\/www.vavesaarentila.fi\/wp-content\/uploads\/2014\/05\/vuokrauksen_sopimusehdot2014_de.pdf\" target=\"_blank\" rel=\"noopener noreferrer\">Laden Sie die Vertragsbedingungen herunter<\/a>\u00a0(in PDF)<\/p>","protected":false},"excerpt":{"rendered":"<p>Hof Vavesaari \u2013 Preise 2026 Die Preise sind incl. 13,5% MwSt. Haustiere 50 \u20ac \/ Reservierung (M\u00e4ntyrinne und Salmensuu). Preisperioden Preisperiode A: \u00a0Kalenderwochen 25-32 Preisperiode&#8230;<\/p>\n","protected":false},"author":1,"featured_media":187,"parent":0,"menu_order":0,"comment_status":"open","ping_status":"open","template":"hinnasto-tpl.php","meta":{"_acf_changed":false,"footnotes":""},"class_list":["post-14","page","type-page","status-publish","has-post-thumbnail","hentry"],"acf":[],"_links":{"self":[{"href":"https:\/\/www.vavesaarentila.fi\/de\/wp-json\/wp\/v2\/pages\/14","targetHints":{"allow":["GET"]}}],"collection":[{"href":"https:\/\/www.vavesaarentila.fi\/de\/wp-json\/wp\/v2\/pages"}],"about":[{"href":"https:\/\/www.vavesaarentila.fi\/de\/wp-json\/wp\/v2\/types\/page"}],"author":[{"embeddable":true,"href":"https:\/\/www.vavesaarentila.fi\/de\/wp-json\/wp\/v2\/users\/1"}],"replies":[{"embeddable":true,"href":"https:\/\/www.vavesaarentila.fi\/de\/wp-json\/wp\/v2\/comments?post=14"}],"version-history":[{"count":99,"href":"https:\/\/www.vavesaarentila.fi\/de\/wp-json\/wp\/v2\/pages\/14\/revisions"}],"predecessor-version":[{"id":565,"href":"https:\/\/www.vavesaarentila.fi\/de\/wp-json\/wp\/v2\/pages\/14\/revisions\/565"}],"wp:featuredmedia":[{"embeddable":true,"href":"https:\/\/www.vavesaarentila.fi\/de\/wp-json\/wp\/v2\/media\/187"}],"wp:attachment":[{"href":"https:\/\/www.vavesaarentila.fi\/de\/wp-json\/wp\/v2\/media?parent=14"}],"curies":[{"name":"wp","href":"https:\/\/api.w.org\/{rel}","templated":true}]}}