{"id":49,"date":"2014-05-23T15:37:17","date_gmt":"2014-05-23T12:37:17","guid":{"rendered":"http:\/\/localhost\/vavesaari\/?page_id=6"},"modified":"2017-01-10T09:07:50","modified_gmt":"2017-01-10T07:07:50","slug":"etusivu","status":"publish","type":"page","link":"https:\/\/www.vavesaarentila.fi\/de\/","title":{"rendered":"Startseite"},"content":{"rendered":"<p><\/p>\n<h2>\u00dcbernachten Sie und verbringen Sie Ihren Urlaub in der finnischen Seenplatte<\/h2>\n<p>Das Gut Vavesaari befindet sich in der nat\u00fcrlich sch\u00f6nen Landschaft der Gemeinde Kangasniemi in S\u00fcd-Savo. Die Historie des alten Erbhofs beginnt im 18. Jahrhundert.<\/p>\n<p>Das Agrotourismusunternehmen Vavesaari bietet hochwertige Unterbringung und Gartenprodukte f\u00fcr Einzels- und Gro\u00dfhandelskunden. Vavesaari Tila Oy produziert und verkauft schmackhafte Bio-Lebensmittel, deren Beeren- und Getreidegrundzutaten teilweise auf dem eigenen Hof angebaut wurden.<\/p>\n<\/p>\n<p><\/p>","protected":false},"excerpt":{"rendered":"<p>\u00dcbernachten Sie und verbringen Sie Ihren Urlaub in der finnischen Seenplatte Das Gut Vavesaari befindet sich in der nat\u00fcrlich sch\u00f6nen Landschaft der Gemeinde Kangasniemi in&#8230;<\/p>\n","protected":false},"author":1,"featured_media":0,"parent":0,"menu_order":0,"comment_status":"open","ping_status":"open","template":"etusivu-tpl.php","meta":{"_acf_changed":false,"footnotes":""},"class_list":["post-49","page","type-page","status-publish","hentry"],"acf":[],"_links":{"self":[{"href":"https:\/\/www.vavesaarentila.fi\/de\/wp-json\/wp\/v2\/pages\/49","targetHints":{"allow":["GET"]}}],"collection":[{"href":"https:\/\/www.vavesaarentila.fi\/de\/wp-json\/wp\/v2\/pages"}],"about":[{"href":"https:\/\/www.vavesaarentila.fi\/de\/wp-json\/wp\/v2\/types\/page"}],"author":[{"embeddable":true,"href":"https:\/\/www.vavesaarentila.fi\/de\/wp-json\/wp\/v2\/users\/1"}],"replies":[{"embeddable":true,"href":"https:\/\/www.vavesaarentila.fi\/de\/wp-json\/wp\/v2\/comments?post=49"}],"version-history":[{"count":7,"href":"https:\/\/www.vavesaarentila.fi\/de\/wp-json\/wp\/v2\/pages\/49\/revisions"}],"predecessor-version":[{"id":322,"href":"https:\/\/www.vavesaarentila.fi\/de\/wp-json\/wp\/v2\/pages\/49\/revisions\/322"}],"wp:attachment":[{"href":"https:\/\/www.vavesaarentila.fi\/de\/wp-json\/wp\/v2\/media?parent=49"}],"curies":[{"name":"wp","href":"https:\/\/api.w.org\/{rel}","templated":true}]}}