{"id":8,"date":"2014-05-23T15:37:24","date_gmt":"2014-05-23T12:37:24","guid":{"rendered":"http:\/\/localhost\/vavesaari\/?page_id=8"},"modified":"2021-07-19T09:49:42","modified_gmt":"2021-07-19T06:49:42","slug":"esittely","status":"publish","type":"page","link":"https:\/\/www.vavesaarentila.fi\/de\/esittely\/","title":{"rendered":"Vorstellung"},"content":{"rendered":"<p>&nbsp;<\/p>\n<h1>Gut Vavesaari<\/h1>\n<p>Das Agrotourismusunternehmen Vavesaari bietet den Einzel- und Gro\u00dfhandelskunden hochwertige Unterbringung .<\/p>\n<p>Das Gew\u00e4sser \u2013 Puulaveden vesist\u00f6 \u2013, welches das Gut umgibt ist als sehr fischreich bekannt. Die Fischer haben ihren Fang fr\u00fcher auf dem Grund des Gutes getrocknet. Vave bezeichnet den Stab zum Trocknen des Netzes oder Schleppnetzes. Fr\u00fcher befand sich das Gut auf einer Insel. Als der Wasserspiegel des Puulavesi-Sees nach 1842 abgesenkt wurde, entstand eine feste Verbindung zwischen der Insel und dem Festland.<\/p>\n<h3>Mieth\u00e4uschen<\/h3>\n<p>Wir bieten gem\u00fctliche Mieth\u00fctten und H\u00e4uschen f\u00fcr die unterschiedlichsten Anspr\u00fcche. <a href=\"http:\/\/www.vavesaarentila.fi\/de\/huvilat\/\">Mehr lesen<\/a><\/p>\n<p>&nbsp;<\/p>\n<p>&nbsp;<\/p>","protected":false},"excerpt":{"rendered":"<p>&nbsp; Gut Vavesaari Das Agrotourismusunternehmen Vavesaari bietet den Einzel- und Gro\u00dfhandelskunden hochwertige Unterbringung . Das Gew\u00e4sser \u2013 Puulaveden vesist\u00f6 \u2013, welches das Gut umgibt ist&#8230;<\/p>\n","protected":false},"author":1,"featured_media":366,"parent":0,"menu_order":0,"comment_status":"open","ping_status":"open","template":"","meta":{"_acf_changed":false,"footnotes":""},"class_list":["post-8","page","type-page","status-publish","has-post-thumbnail","hentry"],"acf":[],"_links":{"self":[{"href":"https:\/\/www.vavesaarentila.fi\/de\/wp-json\/wp\/v2\/pages\/8","targetHints":{"allow":["GET"]}}],"collection":[{"href":"https:\/\/www.vavesaarentila.fi\/de\/wp-json\/wp\/v2\/pages"}],"about":[{"href":"https:\/\/www.vavesaarentila.fi\/de\/wp-json\/wp\/v2\/types\/page"}],"author":[{"embeddable":true,"href":"https:\/\/www.vavesaarentila.fi\/de\/wp-json\/wp\/v2\/users\/1"}],"replies":[{"embeddable":true,"href":"https:\/\/www.vavesaarentila.fi\/de\/wp-json\/wp\/v2\/comments?post=8"}],"version-history":[{"count":15,"href":"https:\/\/www.vavesaarentila.fi\/de\/wp-json\/wp\/v2\/pages\/8\/revisions"}],"predecessor-version":[{"id":501,"href":"https:\/\/www.vavesaarentila.fi\/de\/wp-json\/wp\/v2\/pages\/8\/revisions\/501"}],"wp:featuredmedia":[{"embeddable":true,"href":"https:\/\/www.vavesaarentila.fi\/de\/wp-json\/wp\/v2\/media\/366"}],"wp:attachment":[{"href":"https:\/\/www.vavesaarentila.fi\/de\/wp-json\/wp\/v2\/media?parent=8"}],"curies":[{"name":"wp","href":"https:\/\/api.w.org\/{rel}","templated":true}]}}